{"id":7941,"date":"2022-10-13T09:33:21","date_gmt":"2022-10-13T07:33:21","guid":{"rendered":"https:\/\/2024.adventupuli.hr\/marketing\/"},"modified":"2022-11-27T10:00:16","modified_gmt":"2022-11-27T09:00:16","slug":"marketing","status":"publish","type":"page","link":"https:\/\/2024.adventupuli.hr\/it\/marketing\/","title":{"rendered":"Marketing"},"content":{"rendered":"\t\t<div data-elementor-type=\"wp-page\" data-elementor-id=\"7941\" class=\"elementor elementor-7941 elementor-3752\">\n\t\t\t\t\t\t<section class=\"elementor-section elementor-top-section elementor-element elementor-element-5fd1ba7 elementor-section-boxed elementor-section-height-default elementor-section-height-default\" data-id=\"5fd1ba7\" data-element_type=\"section\" data-settings=\"{&quot;background_background&quot;:&quot;classic&quot;}\">\n\t\t\t\t\t\t<div class=\"elementor-container elementor-column-gap-default\">\n\t\t\t\t\t<div class=\"elementor-column elementor-col-100 elementor-top-column elementor-element elementor-element-f7558b4\" data-id=\"f7558b4\" data-element_type=\"column\">\n\t\t\t<div class=\"elementor-widget-wrap elementor-element-populated\">\n\t\t\t\t\t\t<div class=\"elementor-element elementor-element-e2cc114 elementor-widget elementor-widget-exhibz-title\" data-id=\"e2cc114\" data-element_type=\"widget\" data-settings=\"{&quot;ekit_we_effect_on&quot;:&quot;none&quot;}\" data-widget_type=\"exhibz-title.default\">\n\t\t\t\t<div class=\"elementor-widget-container\">\n\t\t\t\n    <div class=\"title-section-area\">\n        <h2 class=\"section-title\">\n            <span class=\"sub-title\">Marketing<\/span>\n\t\t\tBudite glavni SPONZOR Adventa u Puli!        <\/h2>\n\t\t                    <span class=\"title-shape\">\n                  <svg xmlns='http:\/\/www.w3.org\/2000\/svg' xmlns:xlink='http:\/\/www.w3.org\/1999\/xlink' width='71px' height='11px'> <path fill-rule='evenodd' d='M59.669,10.710 L49.164,3.306 L39.428,10.681 L29.714,3.322 L20.006,10.682 L10.295,3.322 L1.185,10.228 L-0.010,8.578 L10.295,0.765 L20.006,8.125 L29.714,0.765 L39.428,8.125 L49.122,0.781 L59.680,8.223 L69.858,1.192 L70.982,2.895 L59.669,10.710 Z'\/><\/svg>\n            <\/span>\n                    <\/div><!-- Section title -->\n    \n    \n\n    \t\t<\/div>\n\t\t\t\t<\/div>\n\t\t\t\t<div class=\"elementor-element elementor-element-d43287a elementor-widget elementor-widget-text-editor\" data-id=\"d43287a\" data-element_type=\"widget\" data-settings=\"{&quot;ekit_we_effect_on&quot;:&quot;none&quot;}\" data-widget_type=\"text-editor.default\">\n\t\t\t\t<div class=\"elementor-widget-container\">\n\t\t\t\t\t\t\t<p>Zadovoljstvo nam je pozvati vas da budete <strong>SPONZOR<\/strong> i dio blagdanskog okru\u017eenja manifestacije\u00a0<strong>Advent u Puli<\/strong>, koja je dala novu vizuru te udahnula novi \u0161arm gradu Puli tijekom adventskog perioda. Gradske lokacije postale su mjesto okupljanja i dru\u017eenja a samim time idealno mjesto da se obratite svojoj ciljnoj skupini i na kvalitetan na\u010din predstavite svoju kompaniju i proizvode.<\/p><h5><strong>Opcije ogla\u0161avanja:<\/strong><\/h5><ul><li>Logotip na plakatu s op\u0107im informacijama<\/li><li>Logotip na plakatu glazbenog programa<\/li><li>Logotip na programskom letku<\/li><li>Logotip na plakatu \u010carobne \u0161ume<\/li><li>Logotip na letku \u010carobne \u0161ume<\/li><li>Logotip na programskoj ceradi<\/li><li>Logotip na op\u0107im plakatima City lightu<\/li><li>Logotip na jumbo plakatima<\/li><li>Projekcija video spota ili telopa u Kinu Valli<\/li><li>Projekcija video spota ili telopa na plazmi u holu Kina Valli<\/li><li>Projekcija video spota ili telopa na plazmi u izlogu Kina Valli \u00b7 Logotip na web stranici manifestacije Advent u Puli <a href=\"https:\/\/2024.adventupuli.hr\/2021\/index.html\">www.adventupuli.hr<\/a><\/li><li>Logotip na web stranici Kina Valli <a href=\"http:\/\/www.kinovalli.net\/\" target=\"_self\">www.kinovalli.net<\/a><\/li><\/ul><p>\u00a0<\/p>\t\t\t\t\t\t<\/div>\n\t\t\t\t<\/div>\n\t\t\t\t<section class=\"elementor-section elementor-inner-section elementor-element elementor-element-9268823 elementor-section-boxed elementor-section-height-default elementor-section-height-default\" data-id=\"9268823\" data-element_type=\"section\">\n\t\t\t\t\t\t<div class=\"elementor-container elementor-column-gap-default\">\n\t\t\t\t\t<div class=\"elementor-column elementor-col-50 elementor-inner-column elementor-element elementor-element-ffc5da1\" data-id=\"ffc5da1\" data-element_type=\"column\">\n\t\t\t<div class=\"elementor-widget-wrap elementor-element-populated\">\n\t\t\t\t\t\t<div class=\"elementor-element elementor-element-18b33bda elementor-widget elementor-widget-exhibz-feature\" data-id=\"18b33bda\" data-element_type=\"widget\" data-settings=\"{&quot;ekit_we_effect_on&quot;:&quot;none&quot;}\" data-widget_type=\"exhibz-feature.default\">\n\t\t\t\t<div class=\"elementor-widget-container\">\n\t\t\t \n    \n    \n\t\t\t<div class=\"single-intro-text single-contact-feature\">\n\t\t\t<h3 class=\"ts-title\">Marketing: brojevi telefona<\/h3>\n\t\t\t<p>\n\t\t\t\t<strong>Fiksni:<\/strong> + 385 52 393 763<\/br>\n<strong>Fax:<\/strong> + 385 52 393 320<\/br>\n<strong>Mobitel:<\/strong> + 385 99 313 8047<\/br>\t\t\t<\/p>\n\t\t\t<span class=\"count-number icon icon-phone-handset\">\n\t\t\t\t\n\t\t\t<\/span>\n\t\t<\/div>\n    \n\t\n\t \n\n    \n    \t\t<\/div>\n\t\t\t\t<\/div>\n\t\t\t\t\t<\/div>\n\t\t<\/div>\n\t\t\t\t<div class=\"elementor-column elementor-col-50 elementor-inner-column elementor-element elementor-element-2c190a7\" data-id=\"2c190a7\" data-element_type=\"column\">\n\t\t\t<div class=\"elementor-widget-wrap elementor-element-populated\">\n\t\t\t\t\t\t<div class=\"elementor-element elementor-element-6dd19669 elementor-widget elementor-widget-exhibz-feature\" data-id=\"6dd19669\" data-element_type=\"widget\" data-settings=\"{&quot;ekit_we_effect_on&quot;:&quot;none&quot;}\" data-widget_type=\"exhibz-feature.default\">\n\t\t\t\t<div class=\"elementor-widget-container\">\n\t\t\t \n    \n    \n\t\t\t<div class=\"single-intro-text single-contact-feature\">\n\t\t\t<h3 class=\"ts-title\">Marketing: Email<\/h3>\n\t\t\t<p>\n\t\t\t\t<strong> Email:<\/strong> marketing@pulafilmfestival.hr<\/br><\/br><\/br>\n\t\t\t<\/p>\n\t\t\t<span class=\"count-number icon icon-email\">\n\t\t\t\t\n\t\t\t<\/span>\n\t\t<\/div>\n    \n\t\n\t \n\n    \n    \t\t<\/div>\n\t\t\t\t<\/div>\n\t\t\t\t\t<\/div>\n\t\t<\/div>\n\t\t\t\t\t<\/div>\n\t\t<\/section>\n\t\t\t\t\t<\/div>\n\t\t<\/div>\n\t\t\t\t\t<\/div>\n\t\t<\/section>\n\t\t\t\t<\/div>\n\t\t","protected":false},"excerpt":{"rendered":"<p>Marketing Budite glavni SPONZOR Adventa u Puli! Zadovoljstvo nam je pozvati vas da budete SPONZOR i dio blagdanskog okru\u017eenja manifestacije\u00a0Advent u Puli, koja je dala novu vizuru te udahnula novi \u0161arm gradu Puli tijekom adventskog perioda. Gradske lokacije postale su mjesto okupljanja i dru\u017eenja a samim time idealno mjesto da se obratite svojoj ciljnoj skupini [&hellip;]<\/p>\n","protected":false},"author":1,"featured_media":0,"parent":0,"menu_order":0,"comment_status":"closed","ping_status":"closed","template":"elementor_header_footer","meta":{"_acf_changed":false,"footnotes":""},"class_list":["post-7941","page","type-page","status-publish","hentry"],"aioseo_notices":[],"acf":[],"_links":{"self":[{"href":"https:\/\/2024.adventupuli.hr\/it\/wp-json\/wp\/v2\/pages\/7941"}],"collection":[{"href":"https:\/\/2024.adventupuli.hr\/it\/wp-json\/wp\/v2\/pages"}],"about":[{"href":"https:\/\/2024.adventupuli.hr\/it\/wp-json\/wp\/v2\/types\/page"}],"author":[{"embeddable":true,"href":"https:\/\/2024.adventupuli.hr\/it\/wp-json\/wp\/v2\/users\/1"}],"replies":[{"embeddable":true,"href":"https:\/\/2024.adventupuli.hr\/it\/wp-json\/wp\/v2\/comments?post=7941"}],"version-history":[{"count":1,"href":"https:\/\/2024.adventupuli.hr\/it\/wp-json\/wp\/v2\/pages\/7941\/revisions"}],"predecessor-version":[{"id":7942,"href":"https:\/\/2024.adventupuli.hr\/it\/wp-json\/wp\/v2\/pages\/7941\/revisions\/7942"}],"wp:attachment":[{"href":"https:\/\/2024.adventupuli.hr\/it\/wp-json\/wp\/v2\/media?parent=7941"}],"curies":[{"name":"wp","href":"https:\/\/api.w.org\/{rel}","templated":true}]}}